{"id":14411,"date":"2021-05-10T09:57:54","date_gmt":"2021-05-10T09:57:54","guid":{"rendered":"https:\/\/fpf.mgpg.it\/contactez-nous\/"},"modified":"2025-01-24T13:31:51","modified_gmt":"2025-01-24T13:31:51","slug":"contactez-nous","status":"publish","type":"page","link":"https:\/\/fpf.mgpg.it\/fr\/contactez-nous\/","title":{"rendered":"Contactez nous"},"content":{"rendered":"\t\t<div data-elementor-type=\"wp-page\" data-elementor-id=\"14411\" class=\"elementor elementor-14411 elementor-1682\">\n\t\t\t\t\t\t<section class=\"elementor-section elementor-top-section elementor-element elementor-element-1992b457 elementor-section-stretched elementor-section-content-middle elementor-section-boxed elementor-section-height-default elementor-section-height-default\" data-id=\"1992b457\" data-element_type=\"section\" data-settings=\"{&quot;stretch_section&quot;:&quot;section-stretched&quot;,&quot;background_background&quot;:&quot;classic&quot;}\">\n\t\t\t\t\t\t\t<div class=\"elementor-background-overlay\"><\/div>\n\t\t\t\t\t\t\t<div class=\"elementor-container elementor-column-gap-default\">\n\t\t\t\t\t<div class=\"elementor-column elementor-col-100 elementor-top-column elementor-element elementor-element-32c87c23\" data-id=\"32c87c23\" data-element_type=\"column\">\n\t\t\t<div class=\"elementor-widget-wrap elementor-element-populated\">\n\t\t\t\t\t\t<div class=\"elementor-element elementor-element-1f3a07d1 elementor-widget elementor-widget-heading\" data-id=\"1f3a07d1\" data-element_type=\"widget\" data-widget_type=\"heading.default\">\n\t\t\t\t<div class=\"elementor-widget-container\">\n\t\t\t<h1 class=\"elementor-heading-title elementor-size-default\">Contactez nous<\/h1>\t\t<\/div>\n\t\t\t\t<\/div>\n\t\t\t\t\t<\/div>\n\t\t<\/div>\n\t\t\t\t\t<\/div>\n\t\t<\/section>\n\t\t\t\t<section class=\"elementor-section elementor-top-section elementor-element elementor-element-43491729 elementor-section-stretched elementor-section-boxed elementor-section-height-default elementor-section-height-default\" data-id=\"43491729\" data-element_type=\"section\" data-settings=\"{&quot;stretch_section&quot;:&quot;section-stretched&quot;,&quot;background_background&quot;:&quot;classic&quot;}\">\n\t\t\t\t\t\t<div class=\"elementor-container elementor-column-gap-default\">\n\t\t\t\t\t<div class=\"elementor-column elementor-col-33 elementor-top-column elementor-element elementor-element-7d5e3340\" data-id=\"7d5e3340\" data-element_type=\"column\">\n\t\t\t<div class=\"elementor-widget-wrap elementor-element-populated\">\n\t\t\t\t\t\t<div class=\"elementor-element elementor-element-2cda3e4 elementor-view-default elementor-position-top elementor-mobile-position-top elementor-widget elementor-widget-icon-box\" data-id=\"2cda3e4\" data-element_type=\"widget\" data-widget_type=\"icon-box.default\">\n\t\t\t\t<div class=\"elementor-widget-container\">\n\t\t\t\t\t<div class=\"elementor-icon-box-wrapper\">\n\n\t\t\t\t\t\t<div class=\"elementor-icon-box-icon\">\n\t\t\t\t<span  class=\"elementor-icon elementor-animation-\">\n\t\t\t\t<svg xmlns=\"http:\/\/www.w3.org\/2000\/svg\" viewBox=\"0 0 40 40\" id=\"Phone--Streamline-Ultimate.svg\" height=\"40\" width=\"40\"><desc>Phone Streamline Icon: https:\/\/streamlinehq.com<\/desc><path d=\"M15.143333333333334 12.333333333333334a3.8583333333333334 3.8583333333333334 0 0 0 0 -5.451666666666667L11.053333333333333 2.796666666666667a3.8550000000000004 3.8550000000000004 0 0 0 -5.451666666666667 0L3.3600000000000003 5.04a5.771666666666667 5.771666666666667 0 0 0 -0.7316666666666667 7.275 89.63 89.63 0 0 0 25.05666666666667 25.05666666666667 5.781666666666666 5.781666666666666 0 0 0 7.276666666666666 -0.7283333333333334l2.2416666666666667 -2.2433333333333336a3.853333333333333 3.853333333333333 0 0 0 0 -5.451666666666667l-4.088333333333333 -4.088333333333333a3.853333333333333 3.853333333333333 0 0 0 -5.451666666666667 0l-1.3633333333333333 1.3633333333333333A91.465 91.465 0 0 1 13.780000000000001 13.700000000000001Z\" fill=\"none\" stroke=\"#155c78\" stroke-linecap=\"round\" stroke-linejoin=\"round\" stroke-width=\"1\"><\/path><\/svg>\t\t\t\t<\/span>\n\t\t\t<\/div>\n\t\t\t\n\t\t\t\t\t\t<div class=\"elementor-icon-box-content\">\n\n\t\t\t\t\t\t\t\t\t<h3 class=\"elementor-icon-box-title\">\n\t\t\t\t\t\t<span  >\n\t\t\t\t\t\t\tT\u00e9l\u00e9phone\t\t\t\t\t\t<\/span>\n\t\t\t\t\t<\/h3>\n\t\t\t\t\n\t\t\t\t\t\t\t\t\t<p class=\"elementor-icon-box-description\">\n\t\t\t\t\t\t Pour les r\u00e9servations :<a href=\"tel:3357239318\"> +39 3357239318<\/a> <br>Pour les informations et les r\u00e9servations : <a href=\"tel:3703472536\"> +39 3703472536<\/a> <br>Pour l'enregistrement : <a href=\"tel:3441569581\"> +393441569581<\/a> \t\t\t\t\t<\/p>\n\t\t\t\t\n\t\t\t<\/div>\n\t\t\t\n\t\t<\/div>\n\t\t\t\t<\/div>\n\t\t\t\t<\/div>\n\t\t\t\t\t<\/div>\n\t\t<\/div>\n\t\t\t\t<div class=\"elementor-column elementor-col-33 elementor-top-column elementor-element elementor-element-521d209a\" data-id=\"521d209a\" data-element_type=\"column\">\n\t\t\t<div class=\"elementor-widget-wrap elementor-element-populated\">\n\t\t\t\t\t\t<div class=\"elementor-element elementor-element-87e5bb6 elementor-view-default elementor-position-top elementor-mobile-position-top elementor-widget elementor-widget-icon-box\" data-id=\"87e5bb6\" data-element_type=\"widget\" data-widget_type=\"icon-box.default\">\n\t\t\t\t<div class=\"elementor-widget-container\">\n\t\t\t\t\t<div class=\"elementor-icon-box-wrapper\">\n\n\t\t\t\t\t\t<div class=\"elementor-icon-box-icon\">\n\t\t\t\t<span  class=\"elementor-icon elementor-animation-\">\n\t\t\t\t<svg xmlns=\"http:\/\/www.w3.org\/2000\/svg\" viewBox=\"0 0 40 40\" id=\"Phone--Streamline-Ultimate.svg\" height=\"40\" width=\"40\"><desc>Phone Streamline Icon: https:\/\/streamlinehq.com<\/desc><path d=\"M15.143333333333334 12.333333333333334a3.8583333333333334 3.8583333333333334 0 0 0 0 -5.451666666666667L11.053333333333333 2.796666666666667a3.8550000000000004 3.8550000000000004 0 0 0 -5.451666666666667 0L3.3600000000000003 5.04a5.771666666666667 5.771666666666667 0 0 0 -0.7316666666666667 7.275 89.63 89.63 0 0 0 25.05666666666667 25.05666666666667 5.781666666666666 5.781666666666666 0 0 0 7.276666666666666 -0.7283333333333334l2.2416666666666667 -2.2433333333333336a3.853333333333333 3.853333333333333 0 0 0 0 -5.451666666666667l-4.088333333333333 -4.088333333333333a3.853333333333333 3.853333333333333 0 0 0 -5.451666666666667 0l-1.3633333333333333 1.3633333333333333A91.465 91.465 0 0 1 13.780000000000001 13.700000000000001Z\" fill=\"none\" stroke=\"#155c78\" stroke-linecap=\"round\" stroke-linejoin=\"round\" stroke-width=\"1\"><\/path><\/svg>\t\t\t\t<\/span>\n\t\t\t<\/div>\n\t\t\t\n\t\t\t\t\t\t<div class=\"elementor-icon-box-content\">\n\n\t\t\t\t\t\t\t\t\t<h3 class=\"elementor-icon-box-title\">\n\t\t\t\t\t\t<span  >\n\t\t\t\t\t\t\tCourriel\t\t\t\t\t\t<\/span>\n\t\t\t\t\t<\/h3>\n\t\t\t\t\n\t\t\t\t\t\t\t\t\t<p class=\"elementor-icon-box-description\">\n\t\t\t\t\t\t<a href=\"mailto: info@gfapartments.it\"> info@gfapartments.it <\/a> \t\t\t\t\t<\/p>\n\t\t\t\t\n\t\t\t<\/div>\n\t\t\t\n\t\t<\/div>\n\t\t\t\t<\/div>\n\t\t\t\t<\/div>\n\t\t\t\t\t<\/div>\n\t\t<\/div>\n\t\t\t\t<div class=\"elementor-column elementor-col-33 elementor-top-column elementor-element elementor-element-ee0af88\" data-id=\"ee0af88\" data-element_type=\"column\">\n\t\t\t<div class=\"elementor-widget-wrap elementor-element-populated\">\n\t\t\t\t\t\t<div class=\"elementor-element elementor-element-15579c1 elementor-view-default elementor-position-top elementor-mobile-position-top elementor-widget elementor-widget-icon-box\" data-id=\"15579c1\" data-element_type=\"widget\" data-widget_type=\"icon-box.default\">\n\t\t\t\t<div class=\"elementor-widget-container\">\n\t\t\t\t\t<div class=\"elementor-icon-box-wrapper\">\n\n\t\t\t\t\t\t<div class=\"elementor-icon-box-icon\">\n\t\t\t\t<span  class=\"elementor-icon elementor-animation-\">\n\t\t\t\t<svg xmlns=\"http:\/\/www.w3.org\/2000\/svg\" viewBox=\"0 0 40 40\" id=\"Phone--Streamline-Ultimate.svg\" height=\"40\" width=\"40\"><desc>Phone Streamline Icon: https:\/\/streamlinehq.com<\/desc><path d=\"M15.143333333333334 12.333333333333334a3.8583333333333334 3.8583333333333334 0 0 0 0 -5.451666666666667L11.053333333333333 2.796666666666667a3.8550000000000004 3.8550000000000004 0 0 0 -5.451666666666667 0L3.3600000000000003 5.04a5.771666666666667 5.771666666666667 0 0 0 -0.7316666666666667 7.275 89.63 89.63 0 0 0 25.05666666666667 25.05666666666667 5.781666666666666 5.781666666666666 0 0 0 7.276666666666666 -0.7283333333333334l2.2416666666666667 -2.2433333333333336a3.853333333333333 3.853333333333333 0 0 0 0 -5.451666666666667l-4.088333333333333 -4.088333333333333a3.853333333333333 3.853333333333333 0 0 0 -5.451666666666667 0l-1.3633333333333333 1.3633333333333333A91.465 91.465 0 0 1 13.780000000000001 13.700000000000001Z\" fill=\"none\" stroke=\"#155c78\" stroke-linecap=\"round\" stroke-linejoin=\"round\" stroke-width=\"1\"><\/path><\/svg>\t\t\t\t<\/span>\n\t\t\t<\/div>\n\t\t\t\n\t\t\t\t\t\t<div class=\"elementor-icon-box-content\">\n\n\t\t\t\t\t\t\t\t\t<h3 class=\"elementor-icon-box-title\">\n\t\t\t\t\t\t<span  >\n\t\t\t\t\t\t\tLocalisation\t\t\t\t\t\t<\/span>\n\t\t\t\t\t<\/h3>\n\t\t\t\t\n\t\t\t\t\t\t\t\t\t<p class=\"elementor-icon-box-description\">\n\t\t\t\t\t\tLa Vigna: <a href=https:\/\/maps.app.goo.gl\/48ZyBTqzdPupkbXb7\"> Via de Amicis, angolo Via Sassari - 07030 Badesi SS<\/a> <br>\nLi Seddi: <a href=\"https:\/\/maps.app.goo.gl\/smqdfjUpSo7CgkiZ9\"> Via del Lentischio, 13, 07030 Badesi SS <\/a> \t\t\t\t\t<\/p>\n\t\t\t\t\n\t\t\t<\/div>\n\t\t\t\n\t\t<\/div>\n\t\t\t\t<\/div>\n\t\t\t\t<\/div>\n\t\t\t\t\t<\/div>\n\t\t<\/div>\n\t\t\t\t\t<\/div>\n\t\t<\/section>\n\t\t<div class=\"elementor-element elementor-element-b7265fc e-con-full e-flex e-con e-parent\" data-id=\"b7265fc\" data-element_type=\"container\">\n\t\t\t\t<div class=\"elementor-element elementor-element-7910185 elementor-widget elementor-widget-google_maps\" data-id=\"7910185\" data-element_type=\"widget\" data-widget_type=\"google_maps.default\">\n\t\t\t\t<div class=\"elementor-widget-container\">\n\t\t\t\t\t<div class=\"elementor-custom-embed\">\n\t\t\t<iframe loading=\"lazy\"\n\t\t\t\t\tsrc=\"https:\/\/maps.google.com\/maps?q=Via%20de%20Amicis%20-%2007030%20Badesi%20%28SS%29&#038;t=m&#038;z=18&#038;output=embed&#038;iwloc=near\"\n\t\t\t\t\ttitle=\"Via de Amicis - 07030 Badesi (SS)\"\n\t\t\t\t\taria-label=\"Via de Amicis - 07030 Badesi (SS)\"\n\t\t\t><\/iframe>\n\t\t<\/div>\n\t\t\t\t<\/div>\n\t\t\t\t<\/div>\n\t\t\t\t<\/div>\n\t\t\t\t<section class=\"elementor-section elementor-top-section elementor-element elementor-element-90b1485 elementor-section-stretched elementor-section-content-middle elementor-section-boxed elementor-section-height-default elementor-section-height-default\" data-id=\"90b1485\" data-element_type=\"section\" data-settings=\"{&quot;stretch_section&quot;:&quot;section-stretched&quot;,&quot;background_background&quot;:&quot;classic&quot;}\">\n\t\t\t\t\t\t<div class=\"elementor-container elementor-column-gap-default\">\n\t\t\t\t\t<div class=\"elementor-column elementor-col-50 elementor-top-column elementor-element elementor-element-19eeb89 elementor-invisible\" data-id=\"19eeb89\" data-element_type=\"column\" data-settings=\"{&quot;background_background&quot;:&quot;classic&quot;,&quot;animation&quot;:&quot;fadeIn&quot;}\">\n\t\t\t<div class=\"elementor-widget-wrap elementor-element-populated\">\n\t\t\t\t\t<div class=\"elementor-background-overlay\"><\/div>\n\t\t\t\t\t\t<div class=\"elementor-element elementor-element-38ebad6 elementor-widget elementor-widget-heading\" data-id=\"38ebad6\" data-element_type=\"widget\" data-widget_type=\"heading.default\">\n\t\t\t\t<div class=\"elementor-widget-container\">\n\t\t\t<h2 class=\"elementor-heading-title elementor-size-default\">Contact<\/h2>\t\t<\/div>\n\t\t\t\t<\/div>\n\t\t\t\t<div class=\"elementor-element elementor-element-65cda88 elementor-widget elementor-widget-heading\" data-id=\"65cda88\" data-element_type=\"widget\" data-widget_type=\"heading.default\">\n\t\t\t\t<div class=\"elementor-widget-container\">\n\t\t\t<h4 class=\"elementor-heading-title elementor-size-default\">b\u00e9n\u00e9fices<\/h4>\t\t<\/div>\n\t\t\t\t<\/div>\n\t\t\t\t<div class=\"elementor-element elementor-element-086b72a elementor-widget elementor-widget-heading\" data-id=\"086b72a\" data-element_type=\"widget\" data-widget_type=\"heading.default\">\n\t\t\t\t<div class=\"elementor-widget-container\">\n\t\t\t<p class=\"elementor-heading-title elementor-size-default\">DEMANDE D'INFORMATION\/DE R\u00c9SERVATION<\/p>\t\t<\/div>\n\t\t\t\t<\/div>\n\t\t\t\t<div class=\"elementor-element elementor-element-70545e1 elementor-widget elementor-widget-heading\" data-id=\"70545e1\" data-element_type=\"widget\" data-widget_type=\"heading.default\">\n\t\t\t\t<div class=\"elementor-widget-container\">\n\t\t\t<p class=\"elementor-heading-title elementor-size-default\"><a href=\"tel:+393357239318\">+39 3357239318 <\/a><br>\n<img decoding=\"async\" src=\"https:\/\/fpf.mgpg.it\/wp-content\/uploads\/2024\/11\/icona-whatsapp-white.png\" \/> <a href=\"tel:+393703472536\">+39 3703472536 <\/a><\/p>\t\t<\/div>\n\t\t\t\t<\/div>\n\t\t\t\t<div class=\"elementor-element elementor-element-f517912 elementor-widget elementor-widget-heading\" data-id=\"f517912\" data-element_type=\"widget\" data-widget_type=\"heading.default\">\n\t\t\t\t<div class=\"elementor-widget-container\">\n\t\t\t<p class=\"elementor-heading-title elementor-size-default\">POUR L'ENREGISTREMENT ET LA SORTIE<\/p>\t\t<\/div>\n\t\t\t\t<\/div>\n\t\t\t\t<div class=\"elementor-element elementor-element-09ae792 elementor-widget elementor-widget-heading\" data-id=\"09ae792\" data-element_type=\"widget\" data-widget_type=\"heading.default\">\n\t\t\t\t<div class=\"elementor-widget-container\">\n\t\t\t<p class=\"elementor-heading-title elementor-size-default\"><a href=\"tel:+39344156958120\">+39 3441569581  <\/a><\/p>\t\t<\/div>\n\t\t\t\t<\/div>\n\t\t\t\t<div class=\"elementor-element elementor-element-6ca1bb2 elementor-widget elementor-widget-heading\" data-id=\"6ca1bb2\" data-element_type=\"widget\" data-widget_type=\"heading.default\">\n\t\t\t\t<div class=\"elementor-widget-container\">\n\t\t\t<p class=\"elementor-heading-title elementor-size-default\">EMAIL<\/p>\t\t<\/div>\n\t\t\t\t<\/div>\n\t\t\t\t<div class=\"elementor-element elementor-element-ce18235 elementor-widget elementor-widget-heading\" data-id=\"ce18235\" data-element_type=\"widget\" data-widget_type=\"heading.default\">\n\t\t\t\t<div class=\"elementor-widget-container\">\n\t\t\t<p class=\"elementor-heading-title elementor-size-default\"><a href=\"mailto:info@gfapartments.it%20\">info@gfapartments.it <\/a><\/p>\t\t<\/div>\n\t\t\t\t<\/div>\n\t\t\t\t\t<\/div>\n\t\t<\/div>\n\t\t\t\t<div class=\"elementor-column elementor-col-50 elementor-top-column elementor-element elementor-element-6fb9f59 elementor-invisible\" data-id=\"6fb9f59\" data-element_type=\"column\" data-settings=\"{&quot;background_background&quot;:&quot;classic&quot;,&quot;animation&quot;:&quot;fadeIn&quot;}\">\n\t\t\t<div class=\"elementor-widget-wrap elementor-element-populated\">\n\t\t\t\t\t<div class=\"elementor-background-overlay\"><\/div>\n\t\t\t\t\t\t<div class=\"elementor-element elementor-element-bf94163 elementor-widget elementor-widget-heading\" data-id=\"bf94163\" data-element_type=\"widget\" data-widget_type=\"heading.default\">\n\t\t\t\t<div class=\"elementor-widget-container\">\n\t\t\t<h2 class=\"elementor-heading-title elementor-size-default\">Remplir le formulaire<\/h2>\t\t<\/div>\n\t\t\t\t<\/div>\n\t\t\t\t<div class=\"elementor-element elementor-element-c936c23 elementor-widget elementor-widget-cf7\" data-id=\"c936c23\" data-element_type=\"widget\" data-widget_type=\"cf7.default\">\n\t\t\t\t<div class=\"elementor-widget-container\">\n\t\t\t\n\t\t<div class=\"nd_elements_cf7_component\">\n\t\t\t\n<div class=\"wpcf7 no-js\" id=\"wpcf7-f15215-o1\" lang=\"fr-FR\" dir=\"ltr\" data-wpcf7-id=\"15215\">\n<div class=\"screen-reader-response\"><p role=\"status\" aria-live=\"polite\" aria-atomic=\"true\"><\/p> <ul><\/ul><\/div>\n<form action=\"\/fr\/wp-json\/wp\/v2\/pages\/14411#wpcf7-f15215-o1\" method=\"post\" class=\"wpcf7-form init\" aria-label=\"Formulaire de contact\" novalidate=\"novalidate\" data-status=\"init\">\n<div style=\"display: none;\">\n<input type=\"hidden\" name=\"_wpcf7\" value=\"15215\" \/>\n<input type=\"hidden\" name=\"_wpcf7_version\" value=\"6.0\" \/>\n<input type=\"hidden\" name=\"_wpcf7_locale\" value=\"fr_FR\" \/>\n<input type=\"hidden\" name=\"_wpcf7_unit_tag\" value=\"wpcf7-f15215-o1\" \/>\n<input type=\"hidden\" name=\"_wpcf7_container_post\" value=\"0\" \/>\n<input type=\"hidden\" name=\"_wpcf7_posted_data_hash\" value=\"\" \/>\n<\/div>\n<p><span class=\"wpcf7-form-control-wrap\" data-name=\"name-form\"><input size=\"40\" maxlength=\"400\" class=\"wpcf7-form-control wpcf7-text wpcf7-validates-as-required\" aria-required=\"true\" aria-invalid=\"false\" value=\"Nom\" type=\"text\" name=\"name-form\" \/><\/span><br \/>\n<span class=\"wpcf7-form-control-wrap\" data-name=\"surname\"><input size=\"40\" maxlength=\"400\" class=\"wpcf7-form-control wpcf7-text wpcf7-validates-as-required\" aria-required=\"true\" aria-invalid=\"false\" value=\"Pr\u00e9nom\" type=\"text\" name=\"surname\" \/><\/span><br \/>\n<span class=\"wpcf7-form-control-wrap\" data-name=\"email\"><input size=\"40\" maxlength=\"400\" class=\"wpcf7-form-control wpcf7-email wpcf7-validates-as-required wpcf7-text wpcf7-validates-as-email\" aria-required=\"true\" aria-invalid=\"false\" value=\"Email\" type=\"email\" name=\"email\" \/><\/span><br \/>\n<span class=\"wpcf7-form-control-wrap\" data-name=\"textarea\"><textarea cols=\"40\" rows=\"4\" maxlength=\"2000\" class=\"wpcf7-form-control wpcf7-textarea\" aria-invalid=\"false\" name=\"textarea\">Message<\/textarea><\/span>\n<\/p>\n<p><input class=\"wpcf7-form-control wpcf7-submit has-spinner\" type=\"submit\" value=\"ENVOYER\" \/>\n<\/p><div class=\"wpcf7-response-output\" aria-hidden=\"true\"><\/div>\n<\/form>\n<\/div>\n\n\t\t<\/div>\t\t<\/div>\n\t\t\t\t<\/div>\n\t\t\t\t\t<\/div>\n\t\t<\/div>\n\t\t\t\t\t<\/div>\n\t\t<\/section>\n\t\t\t\t<\/div>\n\t\t","protected":false},"excerpt":{"rendered":"<p>Contactez nous Phone Streamline Icon: https:\/\/streamlinehq.com T\u00e9l\u00e9phone Pour les r\u00e9servations : +39 3357239318 Pour les informations et les r\u00e9servations : +39 3703472536 Pour l&rsquo;enregistrement : +393441569581 Phone Streamline Icon: https:\/\/streamlinehq.com Courriel info@gfapartments.it Phone Streamline Icon: https:\/\/streamlinehq.com Localisation La Vigna:<\/p>\n","protected":false},"author":1,"featured_media":0,"parent":0,"menu_order":0,"comment_status":"closed","ping_status":"closed","template":"","meta":{"footnotes":""},"class_list":["post-14411","page","type-page","status-publish","hentry"],"_links":{"self":[{"href":"https:\/\/fpf.mgpg.it\/fr\/wp-json\/wp\/v2\/pages\/14411","targetHints":{"allow":["GET"]}}],"collection":[{"href":"https:\/\/fpf.mgpg.it\/fr\/wp-json\/wp\/v2\/pages"}],"about":[{"href":"https:\/\/fpf.mgpg.it\/fr\/wp-json\/wp\/v2\/types\/page"}],"author":[{"embeddable":true,"href":"https:\/\/fpf.mgpg.it\/fr\/wp-json\/wp\/v2\/users\/1"}],"replies":[{"embeddable":true,"href":"https:\/\/fpf.mgpg.it\/fr\/wp-json\/wp\/v2\/comments?post=14411"}],"version-history":[{"count":10,"href":"https:\/\/fpf.mgpg.it\/fr\/wp-json\/wp\/v2\/pages\/14411\/revisions"}],"predecessor-version":[{"id":15045,"href":"https:\/\/fpf.mgpg.it\/fr\/wp-json\/wp\/v2\/pages\/14411\/revisions\/15045"}],"wp:attachment":[{"href":"https:\/\/fpf.mgpg.it\/fr\/wp-json\/wp\/v2\/media?parent=14411"}],"curies":[{"name":"wp","href":"https:\/\/api.w.org\/{rel}","templated":true}]}}