{"id":14467,"date":"2024-07-08T10:31:15","date_gmt":"2024-07-08T10:31:15","guid":{"rendered":"https:\/\/fpf.mgpg.it\/reserve-sus-vacaciones\/"},"modified":"2025-03-06T13:46:44","modified_gmt":"2025-03-06T13:46:44","slug":"reserve-sus-vacaciones","status":"publish","type":"page","link":"https:\/\/fpf.mgpg.it\/es\/reserve-sus-vacaciones\/","title":{"rendered":"Reserve sus vacaciones"},"content":{"rendered":"\t\t<div data-elementor-type=\"wp-page\" data-elementor-id=\"14467\" class=\"elementor elementor-14467 elementor-12479\">\n\t\t\t\t\t\t<section class=\"elementor-section elementor-top-section elementor-element elementor-element-1992b457 elementor-section-stretched elementor-section-content-middle elementor-section-boxed elementor-section-height-default elementor-section-height-default\" data-id=\"1992b457\" data-element_type=\"section\" data-settings=\"{&quot;stretch_section&quot;:&quot;section-stretched&quot;,&quot;background_background&quot;:&quot;classic&quot;}\">\n\t\t\t\t\t\t\t<div class=\"elementor-background-overlay\"><\/div>\n\t\t\t\t\t\t\t<div class=\"elementor-container elementor-column-gap-default\">\n\t\t\t\t\t<div class=\"elementor-column elementor-col-100 elementor-top-column elementor-element elementor-element-32c87c23\" data-id=\"32c87c23\" data-element_type=\"column\">\n\t\t\t<div class=\"elementor-widget-wrap elementor-element-populated\">\n\t\t\t\t\t\t<div class=\"elementor-element elementor-element-1f3a07d1 elementor-widget elementor-widget-heading\" data-id=\"1f3a07d1\" data-element_type=\"widget\" data-widget_type=\"heading.default\">\n\t\t\t\t<div class=\"elementor-widget-container\">\n\t\t\t<h1 class=\"elementor-heading-title elementor-size-default\">Reserve sus vacaciones con nosotros<\/h1>\t\t<\/div>\n\t\t\t\t<\/div>\n\t\t\t\t\t<\/div>\n\t\t<\/div>\n\t\t\t\t\t<\/div>\n\t\t<\/section>\n\t\t\t\t<section class=\"elementor-section elementor-top-section elementor-element elementor-element-43491729 elementor-section-stretched elementor-section-boxed elementor-section-height-default elementor-section-height-default\" data-id=\"43491729\" data-element_type=\"section\" data-settings=\"{&quot;stretch_section&quot;:&quot;section-stretched&quot;,&quot;background_background&quot;:&quot;classic&quot;}\">\n\t\t\t\t\t\t<div class=\"elementor-container elementor-column-gap-default\">\n\t\t\t\t\t<div class=\"elementor-column elementor-col-33 elementor-top-column elementor-element elementor-element-7d5e3340\" data-id=\"7d5e3340\" data-element_type=\"column\">\n\t\t\t<div class=\"elementor-widget-wrap elementor-element-populated\">\n\t\t\t\t\t\t<div class=\"elementor-element elementor-element-2cda3e4 elementor-view-default elementor-position-top elementor-mobile-position-top elementor-widget elementor-widget-icon-box\" data-id=\"2cda3e4\" data-element_type=\"widget\" data-widget_type=\"icon-box.default\">\n\t\t\t\t<div class=\"elementor-widget-container\">\n\t\t\t\t\t<div class=\"elementor-icon-box-wrapper\">\n\n\t\t\t\t\t\t<div class=\"elementor-icon-box-icon\">\n\t\t\t\t<span  class=\"elementor-icon elementor-animation-\">\n\t\t\t\t<svg xmlns=\"http:\/\/www.w3.org\/2000\/svg\" viewBox=\"0 0 40 40\" id=\"Phone--Streamline-Ultimate.svg\" height=\"40\" width=\"40\"><desc>Phone Streamline Icon: https:\/\/streamlinehq.com<\/desc><path d=\"M15.143333333333334 12.333333333333334a3.8583333333333334 3.8583333333333334 0 0 0 0 -5.451666666666667L11.053333333333333 2.796666666666667a3.8550000000000004 3.8550000000000004 0 0 0 -5.451666666666667 0L3.3600000000000003 5.04a5.771666666666667 5.771666666666667 0 0 0 -0.7316666666666667 7.275 89.63 89.63 0 0 0 25.05666666666667 25.05666666666667 5.781666666666666 5.781666666666666 0 0 0 7.276666666666666 -0.7283333333333334l2.2416666666666667 -2.2433333333333336a3.853333333333333 3.853333333333333 0 0 0 0 -5.451666666666667l-4.088333333333333 -4.088333333333333a3.853333333333333 3.853333333333333 0 0 0 -5.451666666666667 0l-1.3633333333333333 1.3633333333333333A91.465 91.465 0 0 1 13.780000000000001 13.700000000000001Z\" fill=\"none\" stroke=\"#155c78\" stroke-linecap=\"round\" stroke-linejoin=\"round\" stroke-width=\"1\"><\/path><\/svg>\t\t\t\t<\/span>\n\t\t\t<\/div>\n\t\t\t\n\t\t\t\t\t\t<div class=\"elementor-icon-box-content\">\n\n\t\t\t\t\t\t\t\t\t<h3 class=\"elementor-icon-box-title\">\n\t\t\t\t\t\t<span  >\n\t\t\t\t\t\t\tTel\u00e9fono\t\t\t\t\t\t<\/span>\n\t\t\t\t\t<\/h3>\n\t\t\t\t\n\t\t\t\t\t\t\t\t\t<p class=\"elementor-icon-box-description\">\n\t\t\t\t\t\t Para reservas:<a href=\"tel:3357239318\"> +39 3357239318<\/a> <br>Informaci\u00f3n y reservas:<a href=\"tel:3703472536%20\"> +39 3703472536 <\/a> <br>Para Check-in:<a href=\"tel:+39 3441569581\"> +39 3441569581<\/a> \t\t\t\t\t<\/p>\n\t\t\t\t\n\t\t\t<\/div>\n\t\t\t\n\t\t<\/div>\n\t\t\t\t<\/div>\n\t\t\t\t<\/div>\n\t\t\t\t\t<\/div>\n\t\t<\/div>\n\t\t\t\t<div class=\"elementor-column elementor-col-33 elementor-top-column elementor-element elementor-element-521d209a\" data-id=\"521d209a\" data-element_type=\"column\">\n\t\t\t<div class=\"elementor-widget-wrap elementor-element-populated\">\n\t\t\t\t\t\t<div class=\"elementor-element elementor-element-87e5bb6 elementor-view-default elementor-position-top elementor-mobile-position-top elementor-widget elementor-widget-icon-box\" data-id=\"87e5bb6\" data-element_type=\"widget\" data-widget_type=\"icon-box.default\">\n\t\t\t\t<div class=\"elementor-widget-container\">\n\t\t\t\t\t<div class=\"elementor-icon-box-wrapper\">\n\n\t\t\t\t\t\t<div class=\"elementor-icon-box-icon\">\n\t\t\t\t<span  class=\"elementor-icon elementor-animation-\">\n\t\t\t\t<svg xmlns=\"http:\/\/www.w3.org\/2000\/svg\" viewBox=\"0 0 40 40\" id=\"Email-Action-Unread--Streamline-Ultimate.svg\" height=\"40\" width=\"40\"><desc>Email Action Unread Streamline Icon: https:\/\/streamlinehq.com<\/desc><path d=\"m0.8333333333333334 6.590000000000001 38.333333333333336 0 0 26.666666666666668 -38.333333333333336 0Z\" fill=\"none\" stroke=\"#155c78\" stroke-linecap=\"round\" stroke-linejoin=\"round\" stroke-width=\"1\"><\/path><path d=\"M38.185 7.56 20 22.423333333333336 1.815 7.56\" fill=\"none\" stroke=\"#155c78\" stroke-linecap=\"round\" stroke-linejoin=\"round\" stroke-width=\"1\"><\/path><\/svg>\t\t\t\t<\/span>\n\t\t\t<\/div>\n\t\t\t\n\t\t\t\t\t\t<div class=\"elementor-icon-box-content\">\n\n\t\t\t\t\t\t\t\t\t<h3 class=\"elementor-icon-box-title\">\n\t\t\t\t\t\t<span  >\n\t\t\t\t\t\t\tEmail\t\t\t\t\t\t<\/span>\n\t\t\t\t\t<\/h3>\n\t\t\t\t\n\t\t\t\t\t\t\t\t\t<p class=\"elementor-icon-box-description\">\n\t\t\t\t\t\t<a href=\"mailto:info@gfapartments.it\"> info@gfapartments.it <\/a> \t\t\t\t\t<\/p>\n\t\t\t\t\n\t\t\t<\/div>\n\t\t\t\n\t\t<\/div>\n\t\t\t\t<\/div>\n\t\t\t\t<\/div>\n\t\t\t\t\t<\/div>\n\t\t<\/div>\n\t\t\t\t<div class=\"elementor-column elementor-col-33 elementor-top-column elementor-element elementor-element-ee0af88\" data-id=\"ee0af88\" data-element_type=\"column\">\n\t\t\t<div class=\"elementor-widget-wrap elementor-element-populated\">\n\t\t\t\t\t\t<div class=\"elementor-element elementor-element-15579c1 elementor-view-default elementor-position-top elementor-mobile-position-top elementor-widget elementor-widget-icon-box\" data-id=\"15579c1\" data-element_type=\"widget\" data-widget_type=\"icon-box.default\">\n\t\t\t\t<div class=\"elementor-widget-container\">\n\t\t\t\t\t<div class=\"elementor-icon-box-wrapper\">\n\n\t\t\t\t\t\t<div class=\"elementor-icon-box-icon\">\n\t\t\t\t<span  class=\"elementor-icon elementor-animation-\">\n\t\t\t\t<svg xmlns=\"http:\/\/www.w3.org\/2000\/svg\" viewBox=\"0 0 40 40\" id=\"Pin--Streamline-Ultimate.svg\" height=\"40\" width=\"40\"><desc>Pin Streamline Icon: https:\/\/streamlinehq.com<\/desc><path d=\"M20 1.1833333333333333a12.5 12.5 0 0 1 12.5 12.5c0 5.911666666666667 -9.166666666666668 20.635 -11.798333333333334 24.75a0.8333333333333334 0.8333333333333334 0 0 1 -1.4033333333333333 0C16.666666666666668 34.32 7.5 19.595 7.5 13.683333333333335A12.5 12.5 0 0 1 20 1.1833333333333333Z\" fill=\"none\" stroke=\"#155c78\" stroke-linecap=\"round\" stroke-linejoin=\"round\" stroke-width=\"1\"><\/path><path d=\"M15 13.683333333333335a5 5 0 1 0 10 0 5 5 0 1 0 -10 0Z\" fill=\"none\" stroke=\"#155c78\" stroke-linecap=\"round\" stroke-linejoin=\"round\" stroke-width=\"1\"><\/path><\/svg>\t\t\t\t<\/span>\n\t\t\t<\/div>\n\t\t\t\n\t\t\t\t\t\t<div class=\"elementor-icon-box-content\">\n\n\t\t\t\t\t\t\t\t\t<h3 class=\"elementor-icon-box-title\">\n\t\t\t\t\t\t<span  >\n\t\t\t\t\t\t\tUbicaci\u00f3n\t\t\t\t\t\t<\/span>\n\t\t\t\t\t<\/h3>\n\t\t\t\t\n\t\t\t\t\t\t\t\t\t<p class=\"elementor-icon-box-description\">\n\t\t\t\t\t\tLa Vigna: <a href=https:\/\/maps.app.goo.gl\/48ZyBTqzdPupkbXb7\"> Via de Amicis, angolo Via Sassari - 07030 Badesi SS<\/a> <br>\nLi Seddi: <a href=\"https:\/\/maps.app.goo.gl\/smqdfjUpSo7CgkiZ9\"> Via del Lentischio, 13, 07030 Badesi SS <\/a> \t\t\t\t\t<\/p>\n\t\t\t\t\n\t\t\t<\/div>\n\t\t\t\n\t\t<\/div>\n\t\t\t\t<\/div>\n\t\t\t\t<\/div>\n\t\t\t\t\t<\/div>\n\t\t<\/div>\n\t\t\t\t\t<\/div>\n\t\t<\/section>\n\t\t\t\t<section class=\"elementor-section elementor-top-section elementor-element elementor-element-fe63c4f elementor-section-stretched elementor-section-content-middle elementor-section-boxed elementor-section-height-default elementor-section-height-default\" data-id=\"fe63c4f\" data-element_type=\"section\" data-settings=\"{&quot;stretch_section&quot;:&quot;section-stretched&quot;,&quot;background_background&quot;:&quot;classic&quot;}\">\n\t\t\t\t\t\t<div class=\"elementor-container elementor-column-gap-default\">\n\t\t\t\t\t<div class=\"elementor-column elementor-col-50 elementor-top-column elementor-element elementor-element-0b5ad3e\" data-id=\"0b5ad3e\" data-element_type=\"column\">\n\t\t\t<div class=\"elementor-widget-wrap elementor-element-populated\">\n\t\t\t\t\t\t<div class=\"elementor-element elementor-element-7ffcdb1 elementor-invisible elementor-widget elementor-widget-image\" data-id=\"7ffcdb1\" data-element_type=\"widget\" data-settings=\"{&quot;_animation&quot;:&quot;fadeInLeft&quot;}\" data-widget_type=\"image.default\">\n\t\t\t\t<div class=\"elementor-widget-container\">\n\t\t\t\t\t\t\t\t\t\t\t\t\t<img fetchpriority=\"high\" decoding=\"async\" width=\"1024\" height=\"683\" src=\"https:\/\/fpf.mgpg.it\/wp-content\/uploads\/2024\/06\/3-1024x683.jpg\" class=\"attachment-large size-large wp-image-11966\" alt=\"\" srcset=\"https:\/\/fpf.mgpg.it\/wp-content\/uploads\/2024\/06\/3-1024x683.jpg 1024w, https:\/\/fpf.mgpg.it\/wp-content\/uploads\/2024\/06\/3-600x400.jpg 600w, https:\/\/fpf.mgpg.it\/wp-content\/uploads\/2024\/06\/3-300x200.jpg 300w, https:\/\/fpf.mgpg.it\/wp-content\/uploads\/2024\/06\/3-768x512.jpg 768w, https:\/\/fpf.mgpg.it\/wp-content\/uploads\/2024\/06\/3-1536x1024.jpg 1536w, https:\/\/fpf.mgpg.it\/wp-content\/uploads\/2024\/06\/3.jpg 1620w\" sizes=\"(max-width: 1024px) 100vw, 1024px\" \/>\t\t\t\t\t\t\t\t\t\t\t\t\t<\/div>\n\t\t\t\t<\/div>\n\t\t\t\t<div class=\"elementor-element elementor-element-d8261b5 elementor-invisible elementor-widget elementor-widget-image\" data-id=\"d8261b5\" data-element_type=\"widget\" data-settings=\"{&quot;_animation&quot;:&quot;fadeInUp&quot;,&quot;_animation_delay&quot;:200}\" data-widget_type=\"image.default\">\n\t\t\t\t<div class=\"elementor-widget-container\">\n\t\t\t\t\t\t\t\t\t\t\t\t\t<img decoding=\"async\" width=\"1620\" height=\"1080\" src=\"https:\/\/fpf.mgpg.it\/wp-content\/uploads\/2024\/06\/2.jpg\" class=\"attachment-full size-full wp-image-11965\" alt=\"\" srcset=\"https:\/\/fpf.mgpg.it\/wp-content\/uploads\/2024\/06\/2.jpg 1620w, https:\/\/fpf.mgpg.it\/wp-content\/uploads\/2024\/06\/2-600x400.jpg 600w, https:\/\/fpf.mgpg.it\/wp-content\/uploads\/2024\/06\/2-300x200.jpg 300w, https:\/\/fpf.mgpg.it\/wp-content\/uploads\/2024\/06\/2-1024x683.jpg 1024w, https:\/\/fpf.mgpg.it\/wp-content\/uploads\/2024\/06\/2-768x512.jpg 768w, https:\/\/fpf.mgpg.it\/wp-content\/uploads\/2024\/06\/2-1536x1024.jpg 1536w\" sizes=\"(max-width: 1620px) 100vw, 1620px\" \/>\t\t\t\t\t\t\t\t\t\t\t\t\t<\/div>\n\t\t\t\t<\/div>\n\t\t\t\t\t<\/div>\n\t\t<\/div>\n\t\t\t\t<div class=\"elementor-column elementor-col-50 elementor-top-column elementor-element elementor-element-9818ea7\" data-id=\"9818ea7\" data-element_type=\"column\">\n\t\t\t<div class=\"elementor-widget-wrap elementor-element-populated\">\n\t\t\t\t\t\t<div class=\"elementor-element elementor-element-90249ba elementor-widget elementor-widget-heading\" data-id=\"90249ba\" data-element_type=\"widget\" data-widget_type=\"heading.default\">\n\t\t\t\t<div class=\"elementor-widget-container\">\n\t\t\t<h5 class=\"elementor-heading-title elementor-size-default\">Gallura Family Apartments<\/h5>\t\t<\/div>\n\t\t\t\t<\/div>\n\t\t\t\t<div class=\"elementor-element elementor-element-5b402ca elementor-widget elementor-widget-heading\" data-id=\"5b402ca\" data-element_type=\"widget\" data-widget_type=\"heading.default\">\n\t\t\t\t<div class=\"elementor-widget-container\">\n\t\t\t<h2 class=\"elementor-heading-title elementor-size-default\">Comodidad y seguridad garantizada<\/h2>\t\t<\/div>\n\t\t\t\t<\/div>\n\t\t\t\t<div class=\"elementor-element elementor-element-e0ccac5 elementor-widget elementor-widget-text-editor\" data-id=\"e0ccac5\" data-element_type=\"widget\" data-widget_type=\"text-editor.default\">\n\t\t\t\t<div class=\"elementor-widget-container\">\n\t\t\t\t\t\t\t<p><strong>Gallura Family Apartamnts<\/strong>: nos encargamos de la <strong>Serenidad de tus vacaciones<\/strong>. Ofrecemos un ambiente acogedor y bien cuidado para cada tipo de invitado, si usted es uno <strong>Pareja buscando comodidad<\/strong> o una <strong>familia buscando momentos de relajaci\u00f3n<\/strong> o un <strong>grupo de amigos amantes de la naturaleza<\/strong> estamos aqu\u00ed para usted. <\/p>\n<p><strong>A su llegada<\/strong> , nuestro <strong>personal<\/strong> estar\u00e1 encantado de darle la bienvenida y le proporcionar\u00e1 todo la <strong>informaci\u00f3n pr\u00e1ctica<\/strong> En nuestra estructura, Tambi\u00e9n te daremos <strong>Consejos \u00fatiles<\/strong> Para disfrutar al m\u00e1ximo de sus <strong>Vacaciones en Badesi<\/strong>. Nuestro objetivo es hacer que cada invitado se sienta como en casa, en un <strong>entorno \u00fanico<\/strong> y <strong>acogedor<\/strong>. Para nosotros, esto representa un compromiso constante y una prioridad m\u00e1xima.   <\/p>\n\t\t\t\t\t\t<\/div>\n\t\t\t\t<\/div>\n\t\t\t\t<div class=\"elementor-element elementor-element-dc902cc elementor-tablet-align-center elementor-align-left elementor-widget elementor-widget-button\" data-id=\"dc902cc\" data-element_type=\"widget\" data-widget_type=\"button.default\">\n\t\t\t\t<div class=\"elementor-widget-container\">\n\t\t\t\t\t\t\t<div class=\"elementor-button-wrapper\">\n\t\t\t\t\t<a class=\"elementor-button elementor-button-link elementor-size-md elementor-animation-shrink\" href=\"https:\/\/fpf.mgpg.it\/es\/servicios-y-comodidades\/\">\n\t\t\t\t\t\t<span class=\"elementor-button-content-wrapper\">\n\t\t\t\t\t\t\t\t\t<span class=\"elementor-button-text\">M\u00e1s informaci\u00f3n<\/span>\n\t\t\t\t\t<\/span>\n\t\t\t\t\t<\/a>\n\t\t\t\t<\/div>\n\t\t\t\t\t\t<\/div>\n\t\t\t\t<\/div>\n\t\t\t\t<section class=\"elementor-section elementor-inner-section elementor-element elementor-element-2a80742 elementor-section-full_width elementor-section-height-default elementor-section-height-default\" data-id=\"2a80742\" data-element_type=\"section\">\n\t\t\t\t\t\t<div class=\"elementor-container elementor-column-gap-default\">\n\t\t\t\t\t<div class=\"elementor-column elementor-col-100 elementor-inner-column elementor-element elementor-element-d453ce4\" data-id=\"d453ce4\" data-element_type=\"column\">\n\t\t\t<div class=\"elementor-widget-wrap elementor-element-populated\">\n\t\t\t\t\t\t<div class=\"elementor-element elementor-element-bd75b68 elementor-invisible elementor-widget elementor-widget-search\" data-id=\"bd75b68\" data-element_type=\"widget\" data-settings=\"{&quot;_animation&quot;:&quot;fadeIn&quot;,&quot;_animation_delay&quot;:300}\" data-widget_type=\"search.default\">\n\t\t\t\t<div class=\"elementor-widget-container\">\n\t\t\t \t\t<\/div>\n\t\t\t\t<\/div>\n\t\t\t\t\t<\/div>\n\t\t<\/div>\n\t\t\t\t\t<\/div>\n\t\t<\/section>\n\t\t\t\t\t<\/div>\n\t\t<\/div>\n\t\t\t\t\t<\/div>\n\t\t<\/section>\n\t\t\t\t<section class=\"elementor-section elementor-top-section elementor-element elementor-element-90b1485 elementor-section-stretched elementor-section-content-middle elementor-section-boxed elementor-section-height-default elementor-section-height-default\" data-id=\"90b1485\" data-element_type=\"section\" data-settings=\"{&quot;stretch_section&quot;:&quot;section-stretched&quot;,&quot;background_background&quot;:&quot;classic&quot;}\">\n\t\t\t\t\t\t<div class=\"elementor-container elementor-column-gap-default\">\n\t\t\t\t\t<div class=\"elementor-column elementor-col-50 elementor-top-column elementor-element elementor-element-19eeb89 elementor-invisible\" data-id=\"19eeb89\" data-element_type=\"column\" data-settings=\"{&quot;background_background&quot;:&quot;classic&quot;,&quot;animation&quot;:&quot;fadeIn&quot;}\">\n\t\t\t<div class=\"elementor-widget-wrap elementor-element-populated\">\n\t\t\t\t\t<div class=\"elementor-background-overlay\"><\/div>\n\t\t\t\t\t\t<div class=\"elementor-element elementor-element-38ebad6 elementor-widget elementor-widget-heading\" data-id=\"38ebad6\" data-element_type=\"widget\" data-widget_type=\"heading.default\">\n\t\t\t\t<div class=\"elementor-widget-container\">\n\t\t\t<h2 class=\"elementor-heading-title elementor-size-default\">Contactos<\/h2>\t\t<\/div>\n\t\t\t\t<\/div>\n\t\t\t\t<div class=\"elementor-element elementor-element-65cda88 elementor-widget elementor-widget-heading\" data-id=\"65cda88\" data-element_type=\"widget\" data-widget_type=\"heading.default\">\n\t\t\t\t<div class=\"elementor-widget-container\">\n\t\t\t<h4 class=\"elementor-heading-title elementor-size-default\">\u00fatiles<\/h4>\t\t<\/div>\n\t\t\t\t<\/div>\n\t\t\t\t<div class=\"elementor-element elementor-element-086b72a elementor-widget elementor-widget-heading\" data-id=\"086b72a\" data-element_type=\"widget\" data-widget_type=\"heading.default\">\n\t\t\t\t<div class=\"elementor-widget-container\">\n\t\t\t<p class=\"elementor-heading-title elementor-size-default\">INFORMACI\u00d3N\/SOLICITUD DE RESERVA<\/p>\t\t<\/div>\n\t\t\t\t<\/div>\n\t\t\t\t<div class=\"elementor-element elementor-element-31ea8c5 elementor-widget elementor-widget-heading\" data-id=\"31ea8c5\" data-element_type=\"widget\" data-widget_type=\"heading.default\">\n\t\t\t\t<div class=\"elementor-widget-container\">\n\t\t\t<p class=\"elementor-heading-title elementor-size-default\"><a href=\"tel:+393357239318\">+39 3357239318 <\/a><br>\n<img decoding=\"async\" src=\"https:\/\/fpf.mgpg.it\/wp-content\/uploads\/2024\/11\/icona-whatsapp-white.png\" \/> <a href=\"tel:+393703472536\">+39 3703472536 <\/a><\/p>\t\t<\/div>\n\t\t\t\t<\/div>\n\t\t\t\t<div class=\"elementor-element elementor-element-f517912 elementor-widget elementor-widget-heading\" data-id=\"f517912\" data-element_type=\"widget\" data-widget_type=\"heading.default\">\n\t\t\t\t<div class=\"elementor-widget-container\">\n\t\t\t<p class=\"elementor-heading-title elementor-size-default\">PARA EL CHECK-IN Y CHECKOUT<\/p>\t\t<\/div>\n\t\t\t\t<\/div>\n\t\t\t\t<div class=\"elementor-element elementor-element-09ae792 elementor-widget elementor-widget-heading\" data-id=\"09ae792\" data-element_type=\"widget\" data-widget_type=\"heading.default\">\n\t\t\t\t<div class=\"elementor-widget-container\">\n\t\t\t<p class=\"elementor-heading-title elementor-size-default\"><a href=\"tel:3441569581\">+39 3441569581  <\/a><\/p>\t\t<\/div>\n\t\t\t\t<\/div>\n\t\t\t\t<div class=\"elementor-element elementor-element-6ca1bb2 elementor-widget elementor-widget-heading\" data-id=\"6ca1bb2\" data-element_type=\"widget\" data-widget_type=\"heading.default\">\n\t\t\t\t<div class=\"elementor-widget-container\">\n\t\t\t<p class=\"elementor-heading-title elementor-size-default\">EMAIL<\/p>\t\t<\/div>\n\t\t\t\t<\/div>\n\t\t\t\t<div class=\"elementor-element elementor-element-ce18235 elementor-widget elementor-widget-heading\" data-id=\"ce18235\" data-element_type=\"widget\" data-widget_type=\"heading.default\">\n\t\t\t\t<div class=\"elementor-widget-container\">\n\t\t\t<p class=\"elementor-heading-title elementor-size-default\"><a href=\"mailto:info@gfapartments.it\">info@gfapartments.it <\/a><\/p>\t\t<\/div>\n\t\t\t\t<\/div>\n\t\t\t\t\t<\/div>\n\t\t<\/div>\n\t\t\t\t<div class=\"elementor-column elementor-col-50 elementor-top-column elementor-element elementor-element-6fb9f59 elementor-invisible\" data-id=\"6fb9f59\" data-element_type=\"column\" data-settings=\"{&quot;background_background&quot;:&quot;classic&quot;,&quot;animation&quot;:&quot;fadeIn&quot;}\">\n\t\t\t<div class=\"elementor-widget-wrap elementor-element-populated\">\n\t\t\t\t\t<div class=\"elementor-background-overlay\"><\/div>\n\t\t\t\t\t\t<div class=\"elementor-element elementor-element-bf94163 elementor-widget elementor-widget-heading\" data-id=\"bf94163\" data-element_type=\"widget\" data-widget_type=\"heading.default\">\n\t\t\t\t<div class=\"elementor-widget-container\">\n\t\t\t<h2 class=\"elementor-heading-title elementor-size-default\">Rellene el formulario<\/h2>\t\t<\/div>\n\t\t\t\t<\/div>\n\t\t\t\t<div class=\"elementor-element elementor-element-c936c23 elementor-widget elementor-widget-cf7\" data-id=\"c936c23\" data-element_type=\"widget\" data-widget_type=\"cf7.default\">\n\t\t\t\t<div class=\"elementor-widget-container\">\n\t\t\t\n\t\t<div class=\"nd_elements_cf7_component\">\n\t\t\t\n<div class=\"wpcf7 no-js\" id=\"wpcf7-f15216-o1\" lang=\"es-ES\" dir=\"ltr\" data-wpcf7-id=\"15216\">\n<div class=\"screen-reader-response\"><p role=\"status\" aria-live=\"polite\" aria-atomic=\"true\"><\/p> <ul><\/ul><\/div>\n<form action=\"\/es\/wp-json\/wp\/v2\/pages\/14467#wpcf7-f15216-o1\" method=\"post\" class=\"wpcf7-form init\" aria-label=\"Formulario de contacto\" novalidate=\"novalidate\" data-status=\"init\">\n<div style=\"display: none;\">\n<input type=\"hidden\" name=\"_wpcf7\" value=\"15216\" \/>\n<input type=\"hidden\" name=\"_wpcf7_version\" value=\"6.0\" \/>\n<input type=\"hidden\" name=\"_wpcf7_locale\" value=\"es_ES\" \/>\n<input type=\"hidden\" name=\"_wpcf7_unit_tag\" value=\"wpcf7-f15216-o1\" \/>\n<input type=\"hidden\" name=\"_wpcf7_container_post\" value=\"0\" \/>\n<input type=\"hidden\" name=\"_wpcf7_posted_data_hash\" value=\"\" \/>\n<\/div>\n<p><span class=\"wpcf7-form-control-wrap\" data-name=\"name-form\"><input size=\"40\" maxlength=\"400\" class=\"wpcf7-form-control wpcf7-text wpcf7-validates-as-required\" aria-required=\"true\" aria-invalid=\"false\" value=\"Nombre\" type=\"text\" name=\"name-form\" \/><\/span><br \/>\n<span class=\"wpcf7-form-control-wrap\" data-name=\"surname\"><input size=\"40\" maxlength=\"400\" class=\"wpcf7-form-control wpcf7-text wpcf7-validates-as-required\" aria-required=\"true\" aria-invalid=\"false\" value=\"Apellido\" type=\"text\" name=\"surname\" \/><\/span><br \/>\n<span class=\"wpcf7-form-control-wrap\" data-name=\"email\"><input size=\"40\" maxlength=\"400\" class=\"wpcf7-form-control wpcf7-email wpcf7-validates-as-required wpcf7-text wpcf7-validates-as-email\" aria-required=\"true\" aria-invalid=\"false\" value=\"Correo electr\u00f3nico\" type=\"email\" name=\"email\" \/><\/span><br \/>\n<span class=\"wpcf7-form-control-wrap\" data-name=\"textarea\"><textarea cols=\"40\" rows=\"4\" maxlength=\"2000\" class=\"wpcf7-form-control wpcf7-textarea\" aria-invalid=\"false\" name=\"textarea\">Mensaje<\/textarea><\/span>\n<\/p>\n<p><input class=\"wpcf7-form-control wpcf7-submit has-spinner\" type=\"submit\" value=\"ENVIAR\" \/>\n<\/p><div class=\"wpcf7-response-output\" aria-hidden=\"true\"><\/div>\n<\/form>\n<\/div>\n\n\t\t<\/div>\t\t<\/div>\n\t\t\t\t<\/div>\n\t\t\t\t\t<\/div>\n\t\t<\/div>\n\t\t\t\t\t<\/div>\n\t\t<\/section>\n\t\t\t\t<\/div>\n\t\t","protected":false},"excerpt":{"rendered":"<p>Reserve sus vacaciones con nosotros Phone Streamline Icon: https:\/\/streamlinehq.com Tel\u00e9fono Para reservas: +39 3357239318 Informaci\u00f3n y reservas: +39 3703472536 Para Check-in: +39 3441569581 Email Action Unread Streamline Icon: https:\/\/streamlinehq.com Email info@gfapartments.it Pin Streamline Icon: https:\/\/streamlinehq.com Ubicaci\u00f3n La Vigna:<\/p>\n","protected":false},"author":1,"featured_media":0,"parent":0,"menu_order":0,"comment_status":"closed","ping_status":"closed","template":"","meta":{"footnotes":""},"class_list":["post-14467","page","type-page","status-publish","hentry"],"_links":{"self":[{"href":"https:\/\/fpf.mgpg.it\/es\/wp-json\/wp\/v2\/pages\/14467","targetHints":{"allow":["GET"]}}],"collection":[{"href":"https:\/\/fpf.mgpg.it\/es\/wp-json\/wp\/v2\/pages"}],"about":[{"href":"https:\/\/fpf.mgpg.it\/es\/wp-json\/wp\/v2\/types\/page"}],"author":[{"embeddable":true,"href":"https:\/\/fpf.mgpg.it\/es\/wp-json\/wp\/v2\/users\/1"}],"replies":[{"embeddable":true,"href":"https:\/\/fpf.mgpg.it\/es\/wp-json\/wp\/v2\/comments?post=14467"}],"version-history":[{"count":10,"href":"https:\/\/fpf.mgpg.it\/es\/wp-json\/wp\/v2\/pages\/14467\/revisions"}],"predecessor-version":[{"id":15145,"href":"https:\/\/fpf.mgpg.it\/es\/wp-json\/wp\/v2\/pages\/14467\/revisions\/15145"}],"wp:attachment":[{"href":"https:\/\/fpf.mgpg.it\/es\/wp-json\/wp\/v2\/media?parent=14467"}],"curies":[{"name":"wp","href":"https:\/\/api.w.org\/{rel}","templated":true}]}}